{"id":9721,"date":"2021-10-17T02:09:20","date_gmt":"2021-10-17T01:09:20","guid":{"rendered":"https:\/\/wow-competitions.com\/conecteaza-te-inregistreaza-te\/"},"modified":"2022-11-03T15:10:59","modified_gmt":"2022-11-03T15:10:59","slug":"conecteaza-te-inregistreaza-te","status":"publish","type":"page","link":"https:\/\/wow-competitions.com\/ro\/conecteaza-te-inregistreaza-te\/","title":{"rendered":"Conecteaz\u0103-te \/ \u00cenregistreaz\u0103-te"},"content":{"rendered":"\t\t<div data-elementor-type=\"wp-page\" data-elementor-id=\"9721\" class=\"elementor elementor-9721 elementor-797\" data-elementor-post-type=\"page\">\n\t\t\t\t\t\t<section class=\"elementor-section elementor-top-section elementor-element elementor-element-aa26a35 elementor-section-boxed elementor-section-height-default elementor-section-height-default\" data-id=\"aa26a35\" data-element_type=\"section\" data-e-type=\"section\">\n\t\t\t\t\t\t<div class=\"elementor-container elementor-column-gap-default\">\n\t\t\t\t\t<div class=\"elementor-column elementor-col-100 elementor-top-column elementor-element elementor-element-0dc2c04\" data-id=\"0dc2c04\" data-element_type=\"column\" data-e-type=\"column\">\n\t\t\t<div class=\"elementor-widget-wrap elementor-element-populated\">\n\t\t\t\t\t\t<div class=\"elementor-element elementor-element-8271644 elementor-widget elementor-widget-spacer\" data-id=\"8271644\" data-element_type=\"widget\" data-e-type=\"widget\" data-widget_type=\"spacer.default\">\n\t\t\t\t<div class=\"elementor-widget-container\">\n\t\t\t\t\t\t\t<div class=\"elementor-spacer\">\n\t\t\t<div class=\"elementor-spacer-inner\"><\/div>\n\t\t<\/div>\n\t\t\t\t\t\t<\/div>\n\t\t\t\t<\/div>\n\t\t\t\t\t<\/div>\n\t\t<\/div>\n\t\t\t\t\t<\/div>\n\t\t<\/section>\n\t\t\t\t<section class=\"elementor-section elementor-top-section elementor-element elementor-element-a68a7ce elementor-section-full_width elementor-section-height-default elementor-section-height-default\" data-id=\"a68a7ce\" data-element_type=\"section\" data-e-type=\"section\" data-settings=\"{&quot;background_background&quot;:&quot;classic&quot;}\">\n\t\t\t\t\t\t\t<div class=\"elementor-background-overlay\"><\/div>\n\t\t\t\t\t\t\t<div class=\"elementor-container elementor-column-gap-default\">\n\t\t\t\t\t<div class=\"elementor-column elementor-col-100 elementor-top-column elementor-element elementor-element-d329c3a\" data-id=\"d329c3a\" data-element_type=\"column\" data-e-type=\"column\">\n\t\t\t<div class=\"elementor-widget-wrap elementor-element-populated\">\n\t\t\t\t\t\t<div class=\"elementor-element elementor-element-cda8561 elementor-widget elementor-widget-heading\" data-id=\"cda8561\" data-element_type=\"widget\" data-e-type=\"widget\" data-widget_type=\"heading.default\">\n\t\t\t\t<div class=\"elementor-widget-container\">\n\t\t\t\t\t<h2 class=\"elementor-heading-title elementor-size-default\">Nou \u00een WOW competitions<\/h2>\t\t\t\t<\/div>\n\t\t\t\t<\/div>\n\t\t\t\t<div class=\"elementor-element elementor-element-29c092b elementor-headline--style-highlight elementor-widget elementor-widget-animated-headline\" data-id=\"29c092b\" data-element_type=\"widget\" data-e-type=\"widget\" data-settings=\"{&quot;highlighted_text&quot;:&quot;50% Discount&quot;,&quot;headline_style&quot;:&quot;highlight&quot;,&quot;marker&quot;:&quot;circle&quot;,&quot;loop&quot;:&quot;yes&quot;,&quot;highlight_animation_duration&quot;:1200,&quot;highlight_iteration_delay&quot;:8000}\" data-widget_type=\"animated-headline.default\">\n\t\t\t\t<div class=\"elementor-widget-container\">\n\t\t\t\t\t\t\t<h3 class=\"elementor-headline\">\n\t\t\t\t\t<span class=\"elementor-headline-plain-text elementor-headline-text-wrapper\">\u00censcrie-te \u00een WOW Club pentru doar \u00a39.99 \u0219i ai<\/span>\n\t\t\t\t<span class=\"elementor-headline-dynamic-wrapper elementor-headline-text-wrapper\">\n\t\t\t\t\t<span class=\"elementor-headline-dynamic-text elementor-headline-text-active\">50% Discount<\/span>\n\t\t\t\t<\/span>\n\t\t\t\t\t<span class=\"elementor-headline-plain-text elementor-headline-text-wrapper\">la cump\u0103rare<\/span>\n\t\t\t\t\t<\/h3>\n\t\t\t\t\t\t<\/div>\n\t\t\t\t<\/div>\n\t\t\t\t<section class=\"elementor-section elementor-inner-section elementor-element elementor-element-d5e3154 elementor-section-boxed elementor-section-height-default elementor-section-height-default\" data-id=\"d5e3154\" data-element_type=\"section\" data-e-type=\"section\">\n\t\t\t\t\t\t<div class=\"elementor-container elementor-column-gap-default\">\n\t\t\t\t\t<div class=\"elementor-column elementor-col-33 elementor-inner-column elementor-element elementor-element-64060ec\" data-id=\"64060ec\" data-element_type=\"column\" data-e-type=\"column\">\n\t\t\t<div class=\"elementor-widget-wrap elementor-element-populated\">\n\t\t\t\t\t\t<div class=\"elementor-element elementor-element-df7a7c3 elementor-widget elementor-widget-heading\" data-id=\"df7a7c3\" data-element_type=\"widget\" data-e-type=\"widget\" data-widget_type=\"heading.default\">\n\t\t\t\t<div class=\"elementor-widget-container\">\n\t\t\t\t\t<h3 class=\"elementor-heading-title elementor-size-default\">\u00cenregistreaz\u0103-te gratuit<\/h3>\t\t\t\t<\/div>\n\t\t\t\t<\/div>\n\t\t\t\t<div class=\"elementor-element elementor-element-e49996b elementor-widget elementor-widget-shortcode\" data-id=\"e49996b\" data-element_type=\"widget\" data-e-type=\"widget\" data-widget_type=\"shortcode.default\">\n\t\t\t\t<div class=\"elementor-widget-container\">\n\t\t\t\t\t\t\t<div class=\"elementor-shortcode\"><div onClick=\"ihcBuyNewLevel('https:\/\/wow-competitions.com\/register-2\/?lid=4');\" class=\"ihc-level-item-link  ihc-cursor-pointer\"> <p style=\"color:white;\">\u00ceNREGISTREAZ\u0102-TE <\/p> <\/div><\/div>\n\t\t\t\t\t\t<\/div>\n\t\t\t\t<\/div>\n\t\t\t\t<div class=\"elementor-element elementor-element-a9c79f0 elementor-widget elementor-widget-shortcode\" data-id=\"a9c79f0\" data-element_type=\"widget\" data-e-type=\"widget\" data-widget_type=\"shortcode.default\">\n\t\t\t\t<div class=\"elementor-widget-container\">\n\t\t\t\t\t\t\t<div class=\"elementor-shortcode\">[wordpress_social_login]<\/div>\n\t\t\t\t\t\t<\/div>\n\t\t\t\t<\/div>\n\t\t\t\t\t<\/div>\n\t\t<\/div>\n\t\t\t\t<div class=\"elementor-column elementor-col-33 elementor-inner-column elementor-element elementor-element-2f9a3f9\" data-id=\"2f9a3f9\" data-element_type=\"column\" data-e-type=\"column\">\n\t\t\t<div class=\"elementor-widget-wrap elementor-element-populated\">\n\t\t\t\t\t\t<div class=\"elementor-element elementor-element-b241f1d elementor-widget elementor-widget-heading\" data-id=\"b241f1d\" data-element_type=\"widget\" data-e-type=\"widget\" data-widget_type=\"heading.default\">\n\t\t\t\t<div class=\"elementor-widget-container\">\n\t\t\t\t\t<h1 class=\"elementor-heading-title elementor-size-xl\">Devino Membru<\/h1>\t\t\t\t<\/div>\n\t\t\t\t<\/div>\n\t\t\t\t<div class=\"elementor-element elementor-element-cd5c8d1 elementor-widget elementor-widget-shortcode\" data-id=\"cd5c8d1\" data-element_type=\"widget\" data-e-type=\"widget\" data-widget_type=\"shortcode.default\">\n\t\t\t\t<div class=\"elementor-widget-container\">\n\t\t\t\t\t\t\t<div class=\"elementor-shortcode\"><div onClick=\"ihcBuyNewLevel('https:\/\/wow-competitions.com\/register-2\/?lid=1');\" class=\"ihc-level-item-link  ihc-cursor-pointer\"> <p style=\"color:white;\">\u00censcrie-te \u00een club <\/p> <\/div><\/div>\n\t\t\t\t\t\t<\/div>\n\t\t\t\t<\/div>\n\t\t\t\t\t<\/div>\n\t\t<\/div>\n\t\t\t\t<div class=\"elementor-column elementor-col-33 elementor-inner-column elementor-element elementor-element-f79c928\" data-id=\"f79c928\" data-element_type=\"column\" data-e-type=\"column\">\n\t\t\t<div class=\"elementor-widget-wrap elementor-element-populated\">\n\t\t\t\t\t\t<div class=\"elementor-element elementor-element-e5dc7dc elementor-widget elementor-widget-heading\" data-id=\"e5dc7dc\" data-element_type=\"widget\" data-e-type=\"widget\" data-widget_type=\"heading.default\">\n\t\t\t\t<div class=\"elementor-widget-container\">\n\t\t\t\t\t<h3 class=\"elementor-heading-title elementor-size-default\">Login<\/h3>\t\t\t\t<\/div>\n\t\t\t\t<\/div>\n\t\t\t\t<div class=\"elementor-element elementor-element-ed8bf9c elementor-widget elementor-widget-ump-login-page-shortcode\" data-id=\"ed8bf9c\" data-element_type=\"widget\" data-e-type=\"widget\" data-widget_type=\"ump-login-page-shortcode.default\">\n\t\t\t\t<div class=\"elementor-widget-container\">\n\t\t\t\t\t<div class=\"ihc-login-form-wrap ihc-login-template-7\"><form method=\"post\" id=\"ihc_login_form\"><input type=\"hidden\" name=\"ihcaction\" value=\"login\" \/><input type=\"hidden\" name=\"ihc_login_nonce\" value=\"1c0d9ea4dc\" \/><div class=\"impu-form-line-fr\"><span class=\"impu-form-label-fr impu-form-label-username\">Username:<\/span><input type=\"text\" value=\"\" name=\"log\" id=\"iump_login_username\"\/><\/div><div class=\"impu-form-line-fr\"><span class=\"impu-form-label-fr impu-form-label-pass\">Password:<\/span><input type=\"password\" value=\"\" id=\"iump_login_password\" name=\"pwd\" \/><\/div><div class=\"ihc-sm-wrapp-fe ihc-sm-template-1\"><div><div class=\"ihc-top-social-login\"> - OR - <\/div><\/div><div class=\"ihc-sm-item ihc-goo\"><a href=\"https:\/\/wow-competitions.com\/wp-content\/plugins\/indeed-membership-pro\/public\/social_handler.php?sm_login=goo&ihc_current_url=https%3A%2F%2Fwow-competitions.com%2Fro%2Fwp-json%2Fwp%2Fv2%2Fpages%2F9721\"><i class=\"fa-ihc-sm fa-ihc-goo\"><\/i><span class=\"ihc-sm-item-label\">Google<\/span><\/a><\/div><div><\/div><\/div><div class=\"impu-temp5-row\"><div class=\"impu-temp5-row-left\"><div class=\"impu-remember-wrapper\"><input type=\"checkbox\" value=\"forever\" name=\"rememberme\" class=\"impu-form-input-remember\" \/><span class=\"impu-form-label-fr impu-form-label-remember\">Remember Me<\/span> <\/div><div  class=\"impu-form-links\"><div class=\"impu-form-links-reg\"><a href=\"https:\/\/wow-competitions.com\/register-2\/\">Register<\/a><\/div><div class=\"impu-form-links-pass\"><a href=\"https:\/\/wow-competitions.com\/lost-password\/\">Lost your password?<\/a><\/div><\/div><\/div><div class=\"impu-form-submit\"><input type=\"submit\" value=\"Log In\" name=\"Submit\" \/><\/div><div class=\"iump-clear\"><\/div><\/div><\/form><\/div><span class='ihc-js-login-data'\n\t\t\t\t\t\t\t\tdata-user_field='#iump_login_username'\n\t\t\t\t\t\t\t\tdata-password_field='#iump_login_password'\n\t\t\t\t\t\t\t\tdata-error_message='Please complete all required fields!' ><\/span>\t\t\t\t<\/div>\n\t\t\t\t<\/div>\n\t\t\t\t<div class=\"elementor-element elementor-element-9a3f5a4 elementor-widget elementor-widget-shortcode\" data-id=\"9a3f5a4\" data-element_type=\"widget\" data-e-type=\"widget\" data-widget_type=\"shortcode.default\">\n\t\t\t\t<div class=\"elementor-widget-container\">\n\t\t\t\t\t\t\t<div class=\"elementor-shortcode\">[wordpress_social_login]<\/div>\n\t\t\t\t\t\t<\/div>\n\t\t\t\t<\/div>\n\t\t\t\t\t<\/div>\n\t\t<\/div>\n\t\t\t\t\t<\/div>\n\t\t<\/section>\n\t\t\t\t\t<\/div>\n\t\t<\/div>\n\t\t\t\t\t<\/div>\n\t\t<\/section>\n\t\t\t\t<\/div>\n\t\t","protected":false},"excerpt":{"rendered":"<p>Nou \u00een WOW competitions \u00censcrie-te \u00een WOW Club pentru doar \u00a39.99 \u0219i ai 50% Discount la cump\u0103rare \u00cenregistreaz\u0103-te gratuit [wordpress_social_login] [&hellip;]<\/p>\n","protected":false},"author":284,"featured_media":0,"parent":0,"menu_order":0,"comment_status":"closed","ping_status":"closed","template":"","meta":{"site-sidebar-layout":"default","site-content-layout":"","ast-site-content-layout":"default","site-content-style":"default","site-sidebar-style":"default","ast-global-header-display":"","ast-banner-title-visibility":"","ast-main-header-display":"","ast-hfb-above-header-display":"","ast-hfb-below-header-display":"","ast-hfb-mobile-header-display":"","site-post-title":"","ast-breadcrumbs-content":"","ast-featured-img":"","footer-sml-layout":"","ast-disable-related-posts":"","theme-transparent-header-meta":"","adv-header-id-meta":"","stick-header-meta":"","header-above-stick-meta":"","header-main-stick-meta":"","header-below-stick-meta":"","astra-migrate-meta-layouts":"default","ast-page-background-enabled":"default","ast-page-background-meta":{"desktop":{"background-color":"var(--ast-global-color-4)","background-image":"","background-repeat":"repeat","background-position":"center center","background-size":"auto","background-attachment":"scroll","background-type":"","background-media":"","overlay-type":"","overlay-color":"","overlay-opacity":"","overlay-gradient":""},"tablet":{"background-color":"","background-image":"","background-repeat":"repeat","background-position":"center center","background-size":"auto","background-attachment":"scroll","background-type":"","background-media":"","overlay-type":"","overlay-color":"","overlay-opacity":"","overlay-gradient":""},"mobile":{"background-color":"","background-image":"","background-repeat":"repeat","background-position":"center center","background-size":"auto","background-attachment":"scroll","background-type":"","background-media":"","overlay-type":"","overlay-color":"","overlay-opacity":"","overlay-gradient":""}},"ast-content-background-meta":{"desktop":{"background-color":"var(--ast-global-color-5)","background-image":"","background-repeat":"repeat","background-position":"center center","background-size":"auto","background-attachment":"scroll","background-type":"","background-media":"","overlay-type":"","overlay-color":"","overlay-opacity":"","overlay-gradient":""},"tablet":{"background-color":"var(--ast-global-color-5)","background-image":"","background-repeat":"repeat","background-position":"center center","background-size":"auto","background-attachment":"scroll","background-type":"","background-media":"","overlay-type":"","overlay-color":"","overlay-opacity":"","overlay-gradient":""},"mobile":{"background-color":"var(--ast-global-color-5)","background-image":"","background-repeat":"repeat","background-position":"center center","background-size":"auto","background-attachment":"scroll","background-type":"","background-media":"","overlay-type":"","overlay-color":"","overlay-opacity":"","overlay-gradient":""}},"footnotes":""},"class_list":["post-9721","page","type-page","status-publish","hentry"],"yoast_head":"<!-- This site is optimized with the Yoast SEO plugin v27.4 - https:\/\/yoast.com\/product\/yoast-seo-wordpress\/ -->\n<title>Conecteaz\u0103-te \/ \u00cenregistreaz\u0103-te<\/title>\n<meta name=\"description\" content=\"Nou \u00een WOW competitions \u00censcrie-te \u00een WOW Club pentru doar \u00a39.99 \u0219i ai 50% Discount la cump\u0103rare \u00cenregistreaz\u0103-te gratuit Devino Membru\" \/>\n<meta name=\"robots\" content=\"index, follow, max-snippet:-1, max-image-preview:large, max-video-preview:-1\" \/>\n<link rel=\"canonical\" href=\"https:\/\/wow-competitions.com\/ro\/conecteaza-te-inregistreaza-te\/\" \/>\n<meta property=\"og:locale\" content=\"ro_RO\" \/>\n<meta property=\"og:type\" content=\"article\" \/>\n<meta property=\"og:title\" content=\"Conecteaz\u0103-te \/ \u00cenregistreaz\u0103-te\" \/>\n<meta property=\"og:description\" content=\"Nou \u00een WOW competitions \u00censcrie-te \u00een WOW Club pentru doar \u00a39.99 \u0219i ai 50% Discount la cump\u0103rare \u00cenregistreaz\u0103-te gratuit Devino Membru\" \/>\n<meta property=\"og:url\" content=\"https:\/\/wow-competitions.com\/ro\/conecteaza-te-inregistreaza-te\/\" \/>\n<meta property=\"og:site_name\" content=\"WOW Competitions\" \/>\n<meta property=\"article:publisher\" content=\"https:\/\/www.facebook.com\/wowcompetitions\" \/>\n<meta property=\"article:modified_time\" content=\"2022-11-03T15:10:59+00:00\" \/>\n<meta property=\"og:image\" content=\"https:\/\/wow-competitions.com\/wp-content\/uploads\/2022\/06\/Banner-1.jpg\" \/>\n\t<meta property=\"og:image:width\" content=\"1600\" \/>\n\t<meta property=\"og:image:height\" content=\"583\" \/>\n\t<meta property=\"og:image:type\" content=\"image\/jpeg\" \/>\n<script type=\"application\/ld+json\" class=\"yoast-schema-graph\">{\"@context\":\"https:\\\/\\\/schema.org\",\"@graph\":[{\"@type\":\"WebPage\",\"@id\":\"https:\\\/\\\/wow-competitions.com\\\/ro\\\/conecteaza-te-inregistreaza-te\\\/\",\"url\":\"https:\\\/\\\/wow-competitions.com\\\/ro\\\/conecteaza-te-inregistreaza-te\\\/\",\"name\":\"Conecteaz\u0103-te \\\/ \u00cenregistreaz\u0103-te\",\"isPartOf\":{\"@id\":\"https:\\\/\\\/wow-competitions.com\\\/ro\\\/#website\"},\"datePublished\":\"2021-10-17T01:09:20+00:00\",\"dateModified\":\"2022-11-03T15:10:59+00:00\",\"description\":\"Nou \u00een WOW competitions \u00censcrie-te \u00een WOW Club pentru doar \u00a39.99 \u0219i ai 50% Discount la cump\u0103rare \u00cenregistreaz\u0103-te gratuit Devino Membru\",\"breadcrumb\":{\"@id\":\"https:\\\/\\\/wow-competitions.com\\\/ro\\\/conecteaza-te-inregistreaza-te\\\/#breadcrumb\"},\"inLanguage\":\"ro-RO\",\"potentialAction\":[{\"@type\":\"ReadAction\",\"target\":[\"https:\\\/\\\/wow-competitions.com\\\/ro\\\/conecteaza-te-inregistreaza-te\\\/\"]}]},{\"@type\":\"BreadcrumbList\",\"@id\":\"https:\\\/\\\/wow-competitions.com\\\/ro\\\/conecteaza-te-inregistreaza-te\\\/#breadcrumb\",\"itemListElement\":[{\"@type\":\"ListItem\",\"position\":1,\"name\":\"Home\",\"item\":\"https:\\\/\\\/wow-competitions.com\\\/ro\\\/\"},{\"@type\":\"ListItem\",\"position\":2,\"name\":\"Conecteaz\u0103-te \\\/ \u00cenregistreaz\u0103-te\"}]},{\"@type\":\"WebSite\",\"@id\":\"https:\\\/\\\/wow-competitions.com\\\/ro\\\/#website\",\"url\":\"https:\\\/\\\/wow-competitions.com\\\/ro\\\/\",\"name\":\"WOW Competitions\",\"description\":\"WOW-ing your world with life-changing prizes\",\"publisher\":{\"@id\":\"https:\\\/\\\/wow-competitions.com\\\/ro\\\/#organization\"},\"potentialAction\":[{\"@type\":\"SearchAction\",\"target\":{\"@type\":\"EntryPoint\",\"urlTemplate\":\"https:\\\/\\\/wow-competitions.com\\\/ro\\\/?s={search_term_string}\"},\"query-input\":{\"@type\":\"PropertyValueSpecification\",\"valueRequired\":true,\"valueName\":\"search_term_string\"}}],\"inLanguage\":\"ro-RO\"},{\"@type\":\"Organization\",\"@id\":\"https:\\\/\\\/wow-competitions.com\\\/ro\\\/#organization\",\"name\":\"Wow Competitions Ltd.\",\"url\":\"https:\\\/\\\/wow-competitions.com\\\/ro\\\/\",\"logo\":{\"@type\":\"ImageObject\",\"inLanguage\":\"ro-RO\",\"@id\":\"https:\\\/\\\/wow-competitions.com\\\/ro\\\/#\\\/schema\\\/logo\\\/image\\\/\",\"url\":\"https:\\\/\\\/wow-competitions.com\\\/wp-content\\\/uploads\\\/2022\\\/06\\\/WOW-LOGO.png\",\"contentUrl\":\"https:\\\/\\\/wow-competitions.com\\\/wp-content\\\/uploads\\\/2022\\\/06\\\/WOW-LOGO.png\",\"width\":2000,\"height\":2000,\"caption\":\"Wow Competitions Ltd.\"},\"image\":{\"@id\":\"https:\\\/\\\/wow-competitions.com\\\/ro\\\/#\\\/schema\\\/logo\\\/image\\\/\"},\"sameAs\":[\"https:\\\/\\\/www.facebook.com\\\/wowcompetitions\"]}]}<\/script>\n<!-- \/ Yoast SEO plugin. -->","yoast_head_json":{"title":"Conecteaz\u0103-te \/ \u00cenregistreaz\u0103-te","description":"Nou \u00een WOW competitions \u00censcrie-te \u00een WOW Club pentru doar \u00a39.99 \u0219i ai 50% Discount la cump\u0103rare \u00cenregistreaz\u0103-te gratuit Devino Membru","robots":{"index":"index","follow":"follow","max-snippet":"max-snippet:-1","max-image-preview":"max-image-preview:large","max-video-preview":"max-video-preview:-1"},"canonical":"https:\/\/wow-competitions.com\/ro\/conecteaza-te-inregistreaza-te\/","og_locale":"ro_RO","og_type":"article","og_title":"Conecteaz\u0103-te \/ \u00cenregistreaz\u0103-te","og_description":"Nou \u00een WOW competitions \u00censcrie-te \u00een WOW Club pentru doar \u00a39.99 \u0219i ai 50% Discount la cump\u0103rare \u00cenregistreaz\u0103-te gratuit Devino Membru","og_url":"https:\/\/wow-competitions.com\/ro\/conecteaza-te-inregistreaza-te\/","og_site_name":"WOW Competitions","article_publisher":"https:\/\/www.facebook.com\/wowcompetitions","article_modified_time":"2022-11-03T15:10:59+00:00","og_image":[{"width":1600,"height":583,"url":"https:\/\/wow-competitions.com\/wp-content\/uploads\/2022\/06\/Banner-1.jpg","type":"image\/jpeg"}],"schema":{"@context":"https:\/\/schema.org","@graph":[{"@type":"WebPage","@id":"https:\/\/wow-competitions.com\/ro\/conecteaza-te-inregistreaza-te\/","url":"https:\/\/wow-competitions.com\/ro\/conecteaza-te-inregistreaza-te\/","name":"Conecteaz\u0103-te \/ \u00cenregistreaz\u0103-te","isPartOf":{"@id":"https:\/\/wow-competitions.com\/ro\/#website"},"datePublished":"2021-10-17T01:09:20+00:00","dateModified":"2022-11-03T15:10:59+00:00","description":"Nou \u00een WOW competitions \u00censcrie-te \u00een WOW Club pentru doar \u00a39.99 \u0219i ai 50% Discount la cump\u0103rare \u00cenregistreaz\u0103-te gratuit Devino Membru","breadcrumb":{"@id":"https:\/\/wow-competitions.com\/ro\/conecteaza-te-inregistreaza-te\/#breadcrumb"},"inLanguage":"ro-RO","potentialAction":[{"@type":"ReadAction","target":["https:\/\/wow-competitions.com\/ro\/conecteaza-te-inregistreaza-te\/"]}]},{"@type":"BreadcrumbList","@id":"https:\/\/wow-competitions.com\/ro\/conecteaza-te-inregistreaza-te\/#breadcrumb","itemListElement":[{"@type":"ListItem","position":1,"name":"Home","item":"https:\/\/wow-competitions.com\/ro\/"},{"@type":"ListItem","position":2,"name":"Conecteaz\u0103-te \/ \u00cenregistreaz\u0103-te"}]},{"@type":"WebSite","@id":"https:\/\/wow-competitions.com\/ro\/#website","url":"https:\/\/wow-competitions.com\/ro\/","name":"WOW Competitions","description":"WOW-ing your world with life-changing prizes","publisher":{"@id":"https:\/\/wow-competitions.com\/ro\/#organization"},"potentialAction":[{"@type":"SearchAction","target":{"@type":"EntryPoint","urlTemplate":"https:\/\/wow-competitions.com\/ro\/?s={search_term_string}"},"query-input":{"@type":"PropertyValueSpecification","valueRequired":true,"valueName":"search_term_string"}}],"inLanguage":"ro-RO"},{"@type":"Organization","@id":"https:\/\/wow-competitions.com\/ro\/#organization","name":"Wow Competitions Ltd.","url":"https:\/\/wow-competitions.com\/ro\/","logo":{"@type":"ImageObject","inLanguage":"ro-RO","@id":"https:\/\/wow-competitions.com\/ro\/#\/schema\/logo\/image\/","url":"https:\/\/wow-competitions.com\/wp-content\/uploads\/2022\/06\/WOW-LOGO.png","contentUrl":"https:\/\/wow-competitions.com\/wp-content\/uploads\/2022\/06\/WOW-LOGO.png","width":2000,"height":2000,"caption":"Wow Competitions Ltd."},"image":{"@id":"https:\/\/wow-competitions.com\/ro\/#\/schema\/logo\/image\/"},"sameAs":["https:\/\/www.facebook.com\/wowcompetitions"]}]}},"_links":{"self":[{"href":"https:\/\/wow-competitions.com\/ro\/wp-json\/wp\/v2\/pages\/9721","targetHints":{"allow":["GET"]}}],"collection":[{"href":"https:\/\/wow-competitions.com\/ro\/wp-json\/wp\/v2\/pages"}],"about":[{"href":"https:\/\/wow-competitions.com\/ro\/wp-json\/wp\/v2\/types\/page"}],"author":[{"embeddable":true,"href":"https:\/\/wow-competitions.com\/ro\/wp-json\/wp\/v2\/users\/284"}],"replies":[{"embeddable":true,"href":"https:\/\/wow-competitions.com\/ro\/wp-json\/wp\/v2\/comments?post=9721"}],"version-history":[{"count":12,"href":"https:\/\/wow-competitions.com\/ro\/wp-json\/wp\/v2\/pages\/9721\/revisions"}],"predecessor-version":[{"id":10485,"href":"https:\/\/wow-competitions.com\/ro\/wp-json\/wp\/v2\/pages\/9721\/revisions\/10485"}],"wp:attachment":[{"href":"https:\/\/wow-competitions.com\/ro\/wp-json\/wp\/v2\/media?parent=9721"}],"curies":[{"name":"wp","href":"https:\/\/api.w.org\/{rel}","templated":true}]}}