{"id":10361,"date":"2022-10-19T17:11:03","date_gmt":"2022-10-19T16:11:03","guid":{"rendered":"https:\/\/wow-competitions.com\/participa-gratuit-prin-posta\/"},"modified":"2025-06-18T10:10:49","modified_gmt":"2025-06-18T09:10:49","slug":"participa-gratuit-prin-posta","status":"publish","type":"page","link":"https:\/\/wow-competitions.com\/ro\/participa-gratuit-prin-posta\/","title":{"rendered":"Particip\u0103 gratuit prin po\u0219t\u0103."},"content":{"rendered":"\t\t<div data-elementor-type=\"wp-page\" data-elementor-id=\"10361\" class=\"elementor elementor-10361 elementor-10355\" data-elementor-post-type=\"page\">\n\t\t\t\t\t\t<section class=\"elementor-section elementor-top-section elementor-element elementor-element-67855bd5 elementor-section-boxed elementor-section-height-default elementor-section-height-default\" data-id=\"67855bd5\" data-element_type=\"section\" data-e-type=\"section\">\n\t\t\t\t\t\t<div class=\"elementor-container elementor-column-gap-default\">\n\t\t\t\t\t<div class=\"elementor-column elementor-col-100 elementor-top-column elementor-element elementor-element-77a4c945\" data-id=\"77a4c945\" data-element_type=\"column\" data-e-type=\"column\">\n\t\t\t<div class=\"elementor-widget-wrap elementor-element-populated\">\n\t\t\t\t\t\t<div class=\"elementor-element elementor-element-48ea67c elementor-widget elementor-widget-heading\" data-id=\"48ea67c\" data-element_type=\"widget\" data-e-type=\"widget\" data-widget_type=\"heading.default\">\n\t\t\t\t<div class=\"elementor-widget-container\">\n\t\t\t\t\t<h2 class=\"elementor-heading-title elementor-size-default\">WOW competitions<br><br>Participarea prin Po\u0219t\u0103<\/h2>\t\t\t\t<\/div>\n\t\t\t\t<\/div>\n\t\t\t\t<div class=\"elementor-element elementor-element-2ce07401 elementor-widget elementor-widget-text-editor\" data-id=\"2ce07401\" data-element_type=\"widget\" data-e-type=\"widget\" data-widget_type=\"text-editor.default\">\n\t\t\t\t<div class=\"elementor-widget-container\">\n\t\t\t\t\t\t\t\t\t<p>Dac\u0103 vre\u021bi s\u0103 participa\u021bi prin po\u0219t\u0103 la competi\u021biile noastre, trebuie s\u0103 trimite\u021bi<br \/>o scrisoare \u00eentr-un plic \u00eenchis, timbrat pus po\u0219t\u0103 pe care s\u0103 men\u021biona\u021bi: La care competi\u021bie dori\u021bi s\u0103 participa\u021bi,<br \/>r\u0103spunsul la \u00eentrebarea concursului la care dori\u021bi s\u0103 participa\u021bi<br \/>\u00eempreun\u0103 cu datele dumneavoastr\u0103 de identificare dup\u0103 cum urmeaz\u0103, o participare pentru fiecare<br \/>Cartea po\u0219tal\u0103;<\/p>\n<p>Numele \u0219i Prenume,<\/p>\n<p>Data na\u0219terii,<\/p>\n<p>Adresa de coresponden\u021b\u0103<\/p>\n<p>Email<\/p>\n<p>Num\u0103rul de telefon<\/p>\n<p>Nu uita\u021bi c\u0103 plicul cu, Cartea Po\u0219tal\u0103 trebuie s\u0103 con\u021bin\u0103 neap\u0103rat \u0219i r\u0103spunsul<br \/>la \u00eentrebarea concursului.<\/p>\n<p>Toate detaliile trebuie scrise la imprimant\u0103 sau de m\u00e2n\u0103, neput\u00e2nd<br \/>participa la competi\u021bie dac\u0103 scrisul nu este lizibil. Dac\u0103 vom<br \/>primi un plic cu mai multe C\u0103r\u021bi Po\u0219tale, corespunz\u00e2nd mai multor particip\u0103ri, acest lucru contravine<br \/>Termenelor \u0219i Condi\u021biilor.<\/p>\n<p>Trimite\u021bi scrisorile pe adresa: WOW Competitions Ltd, 78 Tanfield Lane, Milton Keynes,<br \/>Buckinghamshire, MK10 9NY, United Kingdom<\/p>\n<p>Toate particip\u0103rile prin po\u0219t\u0103 trebuie s\u0103 ajung\u0103 la noi \u00eenainte de \u00eenchiderea competi\u021biei,<br \/>particip\u0103rile care \u00eencalc\u0103 aceast\u0103 condi\u021bie vor fi nule<br \/>pentru fiecare Carte Po\u0219tal\u0103 primit\u0103.<\/p>\n<p>Participan\u021bii TREBUIE s\u0103 aib\u0103 un cont activ pe websiteul nostru wow-competitions.com atunci c\u00e2nd<br \/>C\u0103r\u021bile Po\u0219tale sunt procesate, altfel nu vom putea \u00eemperechea numele, prenumele<br \/>\u0219i adresa dumneavoastr\u0103 cu ce avem \u00een baza de date pentru a v\u0103 aloca numerele de participare.<\/p>\n<p>Dac\u0103 constat\u0103m c\u0103 o persoan\u0103 \u00eencearc\u0103 s\u0103 participe cu mai multe nume \u0219i<br \/>\u0219i adrese, toate particip\u0103rile gratuite \u00eei vor fi anulate.<\/p>\n\t\t\t\t\t\t\t\t<\/div>\n\t\t\t\t<\/div>\n\t\t\t\t\t<\/div>\n\t\t<\/div>\n\t\t\t\t\t<\/div>\n\t\t<\/section>\n\t\t\t\t<\/div>\n\t\t","protected":false},"excerpt":{"rendered":"<p>WOW competitions Participarea prin Po\u0219t\u0103 Dac\u0103 vre\u021bi s\u0103 participa\u021bi prin po\u0219t\u0103 la competi\u021biile noastre, trebuie s\u0103 trimite\u021bio scrisoare \u00eentr-un plic [&hellip;]<\/p>\n","protected":false},"author":270,"featured_media":0,"parent":0,"menu_order":0,"comment_status":"closed","ping_status":"closed","template":"","meta":{"site-sidebar-layout":"default","site-content-layout":"","ast-site-content-layout":"default","site-content-style":"default","site-sidebar-style":"default","ast-global-header-display":"","ast-banner-title-visibility":"","ast-main-header-display":"","ast-hfb-above-header-display":"","ast-hfb-below-header-display":"","ast-hfb-mobile-header-display":"","site-post-title":"","ast-breadcrumbs-content":"","ast-featured-img":"","footer-sml-layout":"","ast-disable-related-posts":"","theme-transparent-header-meta":"","adv-header-id-meta":"","stick-header-meta":"","header-above-stick-meta":"","header-main-stick-meta":"","header-below-stick-meta":"","astra-migrate-meta-layouts":"default","ast-page-background-enabled":"default","ast-page-background-meta":{"desktop":{"background-color":"var(--ast-global-color-4)","background-image":"","background-repeat":"repeat","background-position":"center center","background-size":"auto","background-attachment":"scroll","background-type":"","background-media":"","overlay-type":"","overlay-color":"","overlay-opacity":"","overlay-gradient":""},"tablet":{"background-color":"","background-image":"","background-repeat":"repeat","background-position":"center center","background-size":"auto","background-attachment":"scroll","background-type":"","background-media":"","overlay-type":"","overlay-color":"","overlay-opacity":"","overlay-gradient":""},"mobile":{"background-color":"","background-image":"","background-repeat":"repeat","background-position":"center center","background-size":"auto","background-attachment":"scroll","background-type":"","background-media":"","overlay-type":"","overlay-color":"","overlay-opacity":"","overlay-gradient":""}},"ast-content-background-meta":{"desktop":{"background-color":"var(--ast-global-color-5)","background-image":"","background-repeat":"repeat","background-position":"center center","background-size":"auto","background-attachment":"scroll","background-type":"","background-media":"","overlay-type":"","overlay-color":"","overlay-opacity":"","overlay-gradient":""},"tablet":{"background-color":"var(--ast-global-color-5)","background-image":"","background-repeat":"repeat","background-position":"center center","background-size":"auto","background-attachment":"scroll","background-type":"","background-media":"","overlay-type":"","overlay-color":"","overlay-opacity":"","overlay-gradient":""},"mobile":{"background-color":"var(--ast-global-color-5)","background-image":"","background-repeat":"repeat","background-position":"center center","background-size":"auto","background-attachment":"scroll","background-type":"","background-media":"","overlay-type":"","overlay-color":"","overlay-opacity":"","overlay-gradient":""}},"footnotes":""},"class_list":["post-10361","page","type-page","status-publish","hentry"],"yoast_head":"<!-- This site is optimized with the Yoast SEO plugin v27.3 - https:\/\/yoast.com\/product\/yoast-seo-wordpress\/ -->\n<title>Particip\u0103 gratuit prin po\u0219t\u0103.<\/title>\n<meta name=\"description\" content=\"WOW Competitions Particip\u0103 gratuit prin po\u0219t\u0103. participa\u021bi gratuit prin po\u0219t\u0103 \u0219i ave\u021bi \u0219ansa de a c\u00e2\u0219tiga ma\u0219ini, telefoane, vacan\u021be \u0219i alte premii extraordinare. C\u00e2\u0219tig\u0103 ma\u0219ini, vacan\u021be, telefoane \u0219i multe altele!\" \/>\n<meta name=\"robots\" content=\"index, follow, max-snippet:-1, max-image-preview:large, max-video-preview:-1\" \/>\n<link rel=\"canonical\" href=\"https:\/\/wow-competitions.com\/ro\/participa-gratuit-prin-posta\/\" \/>\n<meta property=\"og:locale\" content=\"ro_RO\" \/>\n<meta property=\"og:type\" content=\"article\" \/>\n<meta property=\"og:title\" content=\"Particip\u0103 gratuit prin po\u0219t\u0103.\" \/>\n<meta property=\"og:description\" content=\"WOW Competitions Particip\u0103 gratuit prin po\u0219t\u0103. participa\u021bi gratuit prin po\u0219t\u0103 \u0219i ave\u021bi \u0219ansa de a c\u00e2\u0219tiga ma\u0219ini, telefoane, vacan\u021be \u0219i alte premii extraordinare. C\u00e2\u0219tig\u0103 ma\u0219ini, vacan\u021be, telefoane \u0219i multe altele!\" \/>\n<meta property=\"og:url\" content=\"https:\/\/wow-competitions.com\/ro\/participa-gratuit-prin-posta\/\" \/>\n<meta property=\"og:site_name\" content=\"WOW Competitions\" \/>\n<meta property=\"article:publisher\" content=\"https:\/\/www.facebook.com\/wowcompetitions\" \/>\n<meta property=\"article:modified_time\" content=\"2025-06-18T09:10:49+00:00\" \/>\n<meta property=\"og:image\" content=\"https:\/\/wow-competitions.com\/wp-content\/uploads\/2022\/06\/Banner-1.jpg\" \/>\n\t<meta property=\"og:image:width\" content=\"1600\" \/>\n\t<meta property=\"og:image:height\" content=\"583\" \/>\n\t<meta property=\"og:image:type\" content=\"image\/jpeg\" \/>\n<meta name=\"twitter:label1\" content=\"Timp estimat pentru citire\" \/>\n\t<meta name=\"twitter:data1\" content=\"1 minut\" \/>\n<script type=\"application\/ld+json\" class=\"yoast-schema-graph\">{\"@context\":\"https:\\\/\\\/schema.org\",\"@graph\":[{\"@type\":\"WebPage\",\"@id\":\"https:\\\/\\\/wow-competitions.com\\\/ro\\\/participa-gratuit-prin-posta\\\/\",\"url\":\"https:\\\/\\\/wow-competitions.com\\\/ro\\\/participa-gratuit-prin-posta\\\/\",\"name\":\"Particip\u0103 gratuit prin po\u0219t\u0103.\",\"isPartOf\":{\"@id\":\"https:\\\/\\\/wow-competitions.com\\\/ro\\\/#website\"},\"datePublished\":\"2022-10-19T16:11:03+00:00\",\"dateModified\":\"2025-06-18T09:10:49+00:00\",\"description\":\"WOW Competitions Particip\u0103 gratuit prin po\u0219t\u0103. participa\u021bi gratuit prin po\u0219t\u0103 \u0219i ave\u021bi \u0219ansa de a c\u00e2\u0219tiga ma\u0219ini, telefoane, vacan\u021be \u0219i alte premii extraordinare. C\u00e2\u0219tig\u0103 ma\u0219ini, vacan\u021be, telefoane \u0219i multe altele!\",\"breadcrumb\":{\"@id\":\"https:\\\/\\\/wow-competitions.com\\\/ro\\\/participa-gratuit-prin-posta\\\/#breadcrumb\"},\"inLanguage\":\"ro-RO\",\"potentialAction\":[{\"@type\":\"ReadAction\",\"target\":[\"https:\\\/\\\/wow-competitions.com\\\/ro\\\/participa-gratuit-prin-posta\\\/\"]}]},{\"@type\":\"BreadcrumbList\",\"@id\":\"https:\\\/\\\/wow-competitions.com\\\/ro\\\/participa-gratuit-prin-posta\\\/#breadcrumb\",\"itemListElement\":[{\"@type\":\"ListItem\",\"position\":1,\"name\":\"Home\",\"item\":\"https:\\\/\\\/wow-competitions.com\\\/ro\\\/\"},{\"@type\":\"ListItem\",\"position\":2,\"name\":\"Particip\u0103 gratuit prin po\u0219t\u0103.\"}]},{\"@type\":\"WebSite\",\"@id\":\"https:\\\/\\\/wow-competitions.com\\\/ro\\\/#website\",\"url\":\"https:\\\/\\\/wow-competitions.com\\\/ro\\\/\",\"name\":\"WOW Competitions\",\"description\":\"WOW-ing your world with life-changing prizes\",\"publisher\":{\"@id\":\"https:\\\/\\\/wow-competitions.com\\\/ro\\\/#organization\"},\"potentialAction\":[{\"@type\":\"SearchAction\",\"target\":{\"@type\":\"EntryPoint\",\"urlTemplate\":\"https:\\\/\\\/wow-competitions.com\\\/ro\\\/?s={search_term_string}\"},\"query-input\":{\"@type\":\"PropertyValueSpecification\",\"valueRequired\":true,\"valueName\":\"search_term_string\"}}],\"inLanguage\":\"ro-RO\"},{\"@type\":\"Organization\",\"@id\":\"https:\\\/\\\/wow-competitions.com\\\/ro\\\/#organization\",\"name\":\"Wow Competitions Ltd.\",\"url\":\"https:\\\/\\\/wow-competitions.com\\\/ro\\\/\",\"logo\":{\"@type\":\"ImageObject\",\"inLanguage\":\"ro-RO\",\"@id\":\"https:\\\/\\\/wow-competitions.com\\\/ro\\\/#\\\/schema\\\/logo\\\/image\\\/\",\"url\":\"https:\\\/\\\/wow-competitions.com\\\/wp-content\\\/uploads\\\/2022\\\/06\\\/WOW-LOGO.png\",\"contentUrl\":\"https:\\\/\\\/wow-competitions.com\\\/wp-content\\\/uploads\\\/2022\\\/06\\\/WOW-LOGO.png\",\"width\":2000,\"height\":2000,\"caption\":\"Wow Competitions Ltd.\"},\"image\":{\"@id\":\"https:\\\/\\\/wow-competitions.com\\\/ro\\\/#\\\/schema\\\/logo\\\/image\\\/\"},\"sameAs\":[\"https:\\\/\\\/www.facebook.com\\\/wowcompetitions\"]}]}<\/script>\n<!-- \/ Yoast SEO plugin. -->","yoast_head_json":{"title":"Particip\u0103 gratuit prin po\u0219t\u0103.","description":"WOW Competitions Particip\u0103 gratuit prin po\u0219t\u0103. participa\u021bi gratuit prin po\u0219t\u0103 \u0219i ave\u021bi \u0219ansa de a c\u00e2\u0219tiga ma\u0219ini, telefoane, vacan\u021be \u0219i alte premii extraordinare. C\u00e2\u0219tig\u0103 ma\u0219ini, vacan\u021be, telefoane \u0219i multe altele!","robots":{"index":"index","follow":"follow","max-snippet":"max-snippet:-1","max-image-preview":"max-image-preview:large","max-video-preview":"max-video-preview:-1"},"canonical":"https:\/\/wow-competitions.com\/ro\/participa-gratuit-prin-posta\/","og_locale":"ro_RO","og_type":"article","og_title":"Particip\u0103 gratuit prin po\u0219t\u0103.","og_description":"WOW Competitions Particip\u0103 gratuit prin po\u0219t\u0103. participa\u021bi gratuit prin po\u0219t\u0103 \u0219i ave\u021bi \u0219ansa de a c\u00e2\u0219tiga ma\u0219ini, telefoane, vacan\u021be \u0219i alte premii extraordinare. C\u00e2\u0219tig\u0103 ma\u0219ini, vacan\u021be, telefoane \u0219i multe altele!","og_url":"https:\/\/wow-competitions.com\/ro\/participa-gratuit-prin-posta\/","og_site_name":"WOW Competitions","article_publisher":"https:\/\/www.facebook.com\/wowcompetitions","article_modified_time":"2025-06-18T09:10:49+00:00","og_image":[{"width":1600,"height":583,"url":"https:\/\/wow-competitions.com\/wp-content\/uploads\/2022\/06\/Banner-1.jpg","type":"image\/jpeg"}],"twitter_misc":{"Timp estimat pentru citire":"1 minut"},"schema":{"@context":"https:\/\/schema.org","@graph":[{"@type":"WebPage","@id":"https:\/\/wow-competitions.com\/ro\/participa-gratuit-prin-posta\/","url":"https:\/\/wow-competitions.com\/ro\/participa-gratuit-prin-posta\/","name":"Particip\u0103 gratuit prin po\u0219t\u0103.","isPartOf":{"@id":"https:\/\/wow-competitions.com\/ro\/#website"},"datePublished":"2022-10-19T16:11:03+00:00","dateModified":"2025-06-18T09:10:49+00:00","description":"WOW Competitions Particip\u0103 gratuit prin po\u0219t\u0103. participa\u021bi gratuit prin po\u0219t\u0103 \u0219i ave\u021bi \u0219ansa de a c\u00e2\u0219tiga ma\u0219ini, telefoane, vacan\u021be \u0219i alte premii extraordinare. C\u00e2\u0219tig\u0103 ma\u0219ini, vacan\u021be, telefoane \u0219i multe altele!","breadcrumb":{"@id":"https:\/\/wow-competitions.com\/ro\/participa-gratuit-prin-posta\/#breadcrumb"},"inLanguage":"ro-RO","potentialAction":[{"@type":"ReadAction","target":["https:\/\/wow-competitions.com\/ro\/participa-gratuit-prin-posta\/"]}]},{"@type":"BreadcrumbList","@id":"https:\/\/wow-competitions.com\/ro\/participa-gratuit-prin-posta\/#breadcrumb","itemListElement":[{"@type":"ListItem","position":1,"name":"Home","item":"https:\/\/wow-competitions.com\/ro\/"},{"@type":"ListItem","position":2,"name":"Particip\u0103 gratuit prin po\u0219t\u0103."}]},{"@type":"WebSite","@id":"https:\/\/wow-competitions.com\/ro\/#website","url":"https:\/\/wow-competitions.com\/ro\/","name":"WOW Competitions","description":"WOW-ing your world with life-changing prizes","publisher":{"@id":"https:\/\/wow-competitions.com\/ro\/#organization"},"potentialAction":[{"@type":"SearchAction","target":{"@type":"EntryPoint","urlTemplate":"https:\/\/wow-competitions.com\/ro\/?s={search_term_string}"},"query-input":{"@type":"PropertyValueSpecification","valueRequired":true,"valueName":"search_term_string"}}],"inLanguage":"ro-RO"},{"@type":"Organization","@id":"https:\/\/wow-competitions.com\/ro\/#organization","name":"Wow Competitions Ltd.","url":"https:\/\/wow-competitions.com\/ro\/","logo":{"@type":"ImageObject","inLanguage":"ro-RO","@id":"https:\/\/wow-competitions.com\/ro\/#\/schema\/logo\/image\/","url":"https:\/\/wow-competitions.com\/wp-content\/uploads\/2022\/06\/WOW-LOGO.png","contentUrl":"https:\/\/wow-competitions.com\/wp-content\/uploads\/2022\/06\/WOW-LOGO.png","width":2000,"height":2000,"caption":"Wow Competitions Ltd."},"image":{"@id":"https:\/\/wow-competitions.com\/ro\/#\/schema\/logo\/image\/"},"sameAs":["https:\/\/www.facebook.com\/wowcompetitions"]}]}},"_links":{"self":[{"href":"https:\/\/wow-competitions.com\/ro\/wp-json\/wp\/v2\/pages\/10361","targetHints":{"allow":["GET"]}}],"collection":[{"href":"https:\/\/wow-competitions.com\/ro\/wp-json\/wp\/v2\/pages"}],"about":[{"href":"https:\/\/wow-competitions.com\/ro\/wp-json\/wp\/v2\/types\/page"}],"author":[{"embeddable":true,"href":"https:\/\/wow-competitions.com\/ro\/wp-json\/wp\/v2\/users\/270"}],"replies":[{"embeddable":true,"href":"https:\/\/wow-competitions.com\/ro\/wp-json\/wp\/v2\/comments?post=10361"}],"version-history":[{"count":2,"href":"https:\/\/wow-competitions.com\/ro\/wp-json\/wp\/v2\/pages\/10361\/revisions"}],"predecessor-version":[{"id":10888,"href":"https:\/\/wow-competitions.com\/ro\/wp-json\/wp\/v2\/pages\/10361\/revisions\/10888"}],"wp:attachment":[{"href":"https:\/\/wow-competitions.com\/ro\/wp-json\/wp\/v2\/media?parent=10361"}],"curies":[{"name":"wp","href":"https:\/\/api.w.org\/{rel}","templated":true}]}}